{"id":52,"date":"2017-03-30T18:11:36","date_gmt":"2017-03-30T18:11:36","guid":{"rendered":"http:\/\/mmatassa.wpengine.com\/fr\/?page_id=52"},"modified":"2017-05-19T19:16:40","modified_gmt":"2017-05-19T19:16:40","slug":"global-offices","status":"publish","type":"page","link":"https:\/\/globalhealthstrategies.com\/fr\/global-offices\/","title":{"rendered":"Bureaux"},"content":{"rendered":"<h4><strong> Nous sommes une \u00e9quipe mondiale totalement int\u00e9gr\u00e9e.<\/strong><\/h4>\n<p><span style=\"font-weight: 400;\">Bas\u00e9s \u00e0 New-York, GHS fonctionne dans les march\u00e9s dynamiques qui forment l&#8217;avenir de la sant\u00e9 et du d\u00e9veloppement mondial.Notre travail est fond\u00e9 sur l&#8217;expertise locale et men\u00e9 par la perspective mondiale.<br \/>\n<\/span><\/p>\n","protected":false},"excerpt":{"rendered":"<p>Nous sommes une \u00e9quipe mondiale totalement int\u00e9gr\u00e9e. Bas\u00e9s \u00e0 New-York, GHS fonctionne dans les march\u00e9s dynamiques qui forment l&#8217;avenir de la sant\u00e9 et du d\u00e9veloppement mondial.Notre travail est fond\u00e9 sur l&#8217;expertise locale et men\u00e9 par la perspective mondiale.<\/p>\n","protected":false},"author":1,"featured_media":0,"parent":0,"menu_order":0,"comment_status":"closed","ping_status":"closed","template":"","meta":{"_exactmetrics_skip_tracking":false,"_exactmetrics_sitenote_active":false,"_exactmetrics_sitenote_note":"","_exactmetrics_sitenote_category":0,"footnotes":""},"class_list":["post-52","page","type-page","status-publish","hentry"],"yoast_head":"<!-- This site is optimized with the Yoast SEO plugin v27.3 - https:\/\/yoast.com\/product\/yoast-seo-wordpress\/ -->\n<title>Bureaux - Global Health Strategies<\/title>\n<meta name=\"robots\" content=\"index, follow, max-snippet:-1, max-image-preview:large, max-video-preview:-1\" \/>\n<link rel=\"canonical\" href=\"https:\/\/globalhealthstrategies.com\/fr\/global-offices\/\" \/>\n<meta property=\"og:locale\" content=\"en_US\" \/>\n<meta property=\"og:type\" content=\"article\" \/>\n<meta property=\"og:title\" content=\"Bureaux - Global Health Strategies\" \/>\n<meta property=\"og:description\" content=\"Nous sommes une \u00e9quipe mondiale totalement int\u00e9gr\u00e9e. Bas\u00e9s \u00e0 New-York, GHS fonctionne dans les march\u00e9s dynamiques qui forment l&#8217;avenir de la sant\u00e9 et du d\u00e9veloppement mondial.Notre travail est fond\u00e9 sur l&#8217;expertise locale et men\u00e9 par la perspective mondiale.\" \/>\n<meta property=\"og:url\" content=\"https:\/\/globalhealthstrategies.com\/fr\/global-offices\/\" \/>\n<meta property=\"og:site_name\" content=\"Global Health Strategies\" \/>\n<meta property=\"article:modified_time\" content=\"2017-05-19T19:16:40+00:00\" \/>\n<meta name=\"twitter:card\" content=\"summary_large_image\" \/>\n<script type=\"application\/ld+json\" class=\"yoast-schema-graph\">{\"@context\":\"https:\\\/\\\/schema.org\",\"@graph\":[{\"@type\":\"WebPage\",\"@id\":\"https:\\\/\\\/globalhealthstrategies.com\\\/fr\\\/global-offices\\\/\",\"url\":\"https:\\\/\\\/globalhealthstrategies.com\\\/fr\\\/global-offices\\\/\",\"name\":\"Bureaux - Global Health Strategies\",\"isPartOf\":{\"@id\":\"https:\\\/\\\/globalhealthstrategies.com\\\/fr\\\/#website\"},\"datePublished\":\"2017-03-30T18:11:36+00:00\",\"dateModified\":\"2017-05-19T19:16:40+00:00\",\"breadcrumb\":{\"@id\":\"https:\\\/\\\/globalhealthstrategies.com\\\/fr\\\/global-offices\\\/#breadcrumb\"},\"inLanguage\":\"en-US\",\"potentialAction\":[{\"@type\":\"ReadAction\",\"target\":[\"https:\\\/\\\/globalhealthstrategies.com\\\/fr\\\/global-offices\\\/\"]}]},{\"@type\":\"BreadcrumbList\",\"@id\":\"https:\\\/\\\/globalhealthstrategies.com\\\/fr\\\/global-offices\\\/#breadcrumb\",\"itemListElement\":[{\"@type\":\"ListItem\",\"position\":1,\"name\":\"Home\",\"item\":\"https:\\\/\\\/globalhealthstrategies.com\\\/fr\\\/\"},{\"@type\":\"ListItem\",\"position\":2,\"name\":\"Bureaux\"}]},{\"@type\":\"WebSite\",\"@id\":\"https:\\\/\\\/globalhealthstrategies.com\\\/fr\\\/#website\",\"url\":\"https:\\\/\\\/globalhealthstrategies.com\\\/fr\\\/\",\"name\":\"Global Health Strategies\",\"description\":\"GHS utilise le plaidoyer et la communication pour am\u00e9liorer la sant\u00e9 et le bien-\u00eatre dans le monde entier.\",\"potentialAction\":[{\"@type\":\"SearchAction\",\"target\":{\"@type\":\"EntryPoint\",\"urlTemplate\":\"https:\\\/\\\/globalhealthstrategies.com\\\/fr\\\/?s={search_term_string}\"},\"query-input\":{\"@type\":\"PropertyValueSpecification\",\"valueRequired\":true,\"valueName\":\"search_term_string\"}}],\"inLanguage\":\"en-US\"}]}<\/script>\n<!-- \/ Yoast SEO plugin. -->","yoast_head_json":{"title":"Bureaux - Global Health Strategies","robots":{"index":"index","follow":"follow","max-snippet":"max-snippet:-1","max-image-preview":"max-image-preview:large","max-video-preview":"max-video-preview:-1"},"canonical":"https:\/\/globalhealthstrategies.com\/fr\/global-offices\/","og_locale":"en_US","og_type":"article","og_title":"Bureaux - Global Health Strategies","og_description":"Nous sommes une \u00e9quipe mondiale totalement int\u00e9gr\u00e9e. Bas\u00e9s \u00e0 New-York, GHS fonctionne dans les march\u00e9s dynamiques qui forment l&#8217;avenir de la sant\u00e9 et du d\u00e9veloppement mondial.Notre travail est fond\u00e9 sur l&#8217;expertise locale et men\u00e9 par la perspective mondiale.","og_url":"https:\/\/globalhealthstrategies.com\/fr\/global-offices\/","og_site_name":"Global Health Strategies","article_modified_time":"2017-05-19T19:16:40+00:00","twitter_card":"summary_large_image","schema":{"@context":"https:\/\/schema.org","@graph":[{"@type":"WebPage","@id":"https:\/\/globalhealthstrategies.com\/fr\/global-offices\/","url":"https:\/\/globalhealthstrategies.com\/fr\/global-offices\/","name":"Bureaux - Global Health Strategies","isPartOf":{"@id":"https:\/\/globalhealthstrategies.com\/fr\/#website"},"datePublished":"2017-03-30T18:11:36+00:00","dateModified":"2017-05-19T19:16:40+00:00","breadcrumb":{"@id":"https:\/\/globalhealthstrategies.com\/fr\/global-offices\/#breadcrumb"},"inLanguage":"en-US","potentialAction":[{"@type":"ReadAction","target":["https:\/\/globalhealthstrategies.com\/fr\/global-offices\/"]}]},{"@type":"BreadcrumbList","@id":"https:\/\/globalhealthstrategies.com\/fr\/global-offices\/#breadcrumb","itemListElement":[{"@type":"ListItem","position":1,"name":"Home","item":"https:\/\/globalhealthstrategies.com\/fr\/"},{"@type":"ListItem","position":2,"name":"Bureaux"}]},{"@type":"WebSite","@id":"https:\/\/globalhealthstrategies.com\/fr\/#website","url":"https:\/\/globalhealthstrategies.com\/fr\/","name":"Global Health Strategies","description":"GHS utilise le plaidoyer et la communication pour am\u00e9liorer la sant\u00e9 et le bien-\u00eatre dans le monde entier.","potentialAction":[{"@type":"SearchAction","target":{"@type":"EntryPoint","urlTemplate":"https:\/\/globalhealthstrategies.com\/fr\/?s={search_term_string}"},"query-input":{"@type":"PropertyValueSpecification","valueRequired":true,"valueName":"search_term_string"}}],"inLanguage":"en-US"}]}},"_links":{"self":[{"href":"https:\/\/globalhealthstrategies.com\/fr\/wp-json\/wp\/v2\/pages\/52","targetHints":{"allow":["GET"]}}],"collection":[{"href":"https:\/\/globalhealthstrategies.com\/fr\/wp-json\/wp\/v2\/pages"}],"about":[{"href":"https:\/\/globalhealthstrategies.com\/fr\/wp-json\/wp\/v2\/types\/page"}],"author":[{"embeddable":true,"href":"https:\/\/globalhealthstrategies.com\/fr\/wp-json\/wp\/v2\/users\/1"}],"replies":[{"embeddable":true,"href":"https:\/\/globalhealthstrategies.com\/fr\/wp-json\/wp\/v2\/comments?post=52"}],"version-history":[{"count":0,"href":"https:\/\/globalhealthstrategies.com\/fr\/wp-json\/wp\/v2\/pages\/52\/revisions"}],"wp:attachment":[{"href":"https:\/\/globalhealthstrategies.com\/fr\/wp-json\/wp\/v2\/media?parent=52"}],"curies":[{"name":"wp","href":"https:\/\/api.w.org\/{rel}","templated":true}]}}