{"id":54,"date":"2017-04-04T13:34:02","date_gmt":"2017-04-04T13:34:02","guid":{"rendered":"http:\/\/mmatassa.wpengine.com\/es\/?page_id=54"},"modified":"2017-05-23T16:03:28","modified_gmt":"2017-05-23T16:03:28","slug":"about-us","status":"publish","type":"page","link":"https:\/\/globalhealthstrategies.com\/es\/about-us\/","title":{"rendered":"Acerca GHS"},"content":{"rendered":"<h4> GHS emplea defensor\u00eda, comunicaciones y an\u00e1lisis de pol\u00edticas para resolver problem\u00e1ticas y para crear campa\u00f1as para mejorar la salud y el bienestar alrededor del mundo.<\/h4>\n<p>Trabajamos en las regiones m\u00e1s din\u00e1micas del mundo para dar paso a pol\u00edticas innovadoras, a movilizar recursos y generar compromisos pol\u00edticos, involucrando audiencias locales y mundiales para impulsar cambios.<\/p>\n","protected":false},"excerpt":{"rendered":"<p>GHS emplea defensor\u00eda, comunicaciones y an\u00e1lisis de pol\u00edticas para resolver problem\u00e1ticas y para crear campa\u00f1as para mejorar la salud y el bienestar alrededor del mundo. Trabajamos en las regiones m\u00e1s din\u00e1micas del mundo para dar paso a pol\u00edticas innovadoras, a movilizar recursos y generar compromisos pol\u00edticos, involucrando audiencias locales y mundiales para impulsar cambios.<\/p>\n","protected":false},"author":1,"featured_media":0,"parent":0,"menu_order":0,"comment_status":"closed","ping_status":"closed","template":"","meta":{"_exactmetrics_skip_tracking":false,"_exactmetrics_sitenote_active":false,"_exactmetrics_sitenote_note":"","_exactmetrics_sitenote_category":0,"footnotes":""},"class_list":["post-54","page","type-page","status-publish","hentry"],"yoast_head":"<!-- This site is optimized with the Yoast SEO plugin v27.4 - https:\/\/yoast.com\/product\/yoast-seo-wordpress\/ -->\n<title>Acerca GHS - Global Health Strategies<\/title>\n<meta name=\"robots\" content=\"index, follow, max-snippet:-1, max-image-preview:large, max-video-preview:-1\" \/>\n<link rel=\"canonical\" href=\"https:\/\/globalhealthstrategies.com\/es\/about-us\/\" \/>\n<meta property=\"og:locale\" content=\"en_US\" \/>\n<meta property=\"og:type\" content=\"article\" \/>\n<meta property=\"og:title\" content=\"About GHS\" \/>\n<meta property=\"og:description\" content=\"Global Health Strategies helps improve health and well being around the world. Read more:\" \/>\n<meta property=\"og:url\" content=\"https:\/\/globalhealthstrategies.com\/es\/about-us\/\" \/>\n<meta property=\"og:site_name\" content=\"Global Health Strategies\" \/>\n<meta property=\"article:modified_time\" content=\"2017-05-23T16:03:28+00:00\" \/>\n<meta name=\"twitter:card\" content=\"summary_large_image\" \/>\n<meta name=\"twitter:title\" content=\"About GHS\" \/>\n<meta name=\"twitter:description\" content=\"Global Health Strategies helps improve health &amp; well being around the world. Read more:\" \/>\n<script type=\"application\/ld+json\" class=\"yoast-schema-graph\">{\"@context\":\"https:\\\/\\\/schema.org\",\"@graph\":[{\"@type\":\"WebPage\",\"@id\":\"https:\\\/\\\/globalhealthstrategies.com\\\/es\\\/about-us\\\/\",\"url\":\"https:\\\/\\\/globalhealthstrategies.com\\\/es\\\/about-us\\\/\",\"name\":\"Acerca GHS - Global Health Strategies\",\"isPartOf\":{\"@id\":\"https:\\\/\\\/globalhealthstrategies.com\\\/es\\\/#website\"},\"datePublished\":\"2017-04-04T13:34:02+00:00\",\"dateModified\":\"2017-05-23T16:03:28+00:00\",\"breadcrumb\":{\"@id\":\"https:\\\/\\\/globalhealthstrategies.com\\\/es\\\/about-us\\\/#breadcrumb\"},\"inLanguage\":\"en-US\",\"potentialAction\":[{\"@type\":\"ReadAction\",\"target\":[\"https:\\\/\\\/globalhealthstrategies.com\\\/es\\\/about-us\\\/\"]}]},{\"@type\":\"BreadcrumbList\",\"@id\":\"https:\\\/\\\/globalhealthstrategies.com\\\/es\\\/about-us\\\/#breadcrumb\",\"itemListElement\":[{\"@type\":\"ListItem\",\"position\":1,\"name\":\"Home\",\"item\":\"https:\\\/\\\/globalhealthstrategies.com\\\/es\\\/\"},{\"@type\":\"ListItem\",\"position\":2,\"name\":\"Acerca GHS\"}]},{\"@type\":\"WebSite\",\"@id\":\"https:\\\/\\\/globalhealthstrategies.com\\\/es\\\/#website\",\"url\":\"https:\\\/\\\/globalhealthstrategies.com\\\/es\\\/\",\"name\":\"Global Health Strategies\",\"description\":\"GHS utiliza la defensor\u00eda y las comunicaciones para mejorar la salud y el bienestar alrededor del mundo.\",\"potentialAction\":[{\"@type\":\"SearchAction\",\"target\":{\"@type\":\"EntryPoint\",\"urlTemplate\":\"https:\\\/\\\/globalhealthstrategies.com\\\/es\\\/?s={search_term_string}\"},\"query-input\":{\"@type\":\"PropertyValueSpecification\",\"valueRequired\":true,\"valueName\":\"search_term_string\"}}],\"inLanguage\":\"en-US\"}]}<\/script>\n<!-- \/ Yoast SEO plugin. -->","yoast_head_json":{"title":"Acerca GHS - Global Health Strategies","robots":{"index":"index","follow":"follow","max-snippet":"max-snippet:-1","max-image-preview":"max-image-preview:large","max-video-preview":"max-video-preview:-1"},"canonical":"https:\/\/globalhealthstrategies.com\/es\/about-us\/","og_locale":"en_US","og_type":"article","og_title":"About GHS","og_description":"Global Health Strategies helps improve health and well being around the world. Read more:","og_url":"https:\/\/globalhealthstrategies.com\/es\/about-us\/","og_site_name":"Global Health Strategies","article_modified_time":"2017-05-23T16:03:28+00:00","twitter_card":"summary_large_image","twitter_title":"About GHS","twitter_description":"Global Health Strategies helps improve health & well being around the world. Read more:","schema":{"@context":"https:\/\/schema.org","@graph":[{"@type":"WebPage","@id":"https:\/\/globalhealthstrategies.com\/es\/about-us\/","url":"https:\/\/globalhealthstrategies.com\/es\/about-us\/","name":"Acerca GHS - Global Health Strategies","isPartOf":{"@id":"https:\/\/globalhealthstrategies.com\/es\/#website"},"datePublished":"2017-04-04T13:34:02+00:00","dateModified":"2017-05-23T16:03:28+00:00","breadcrumb":{"@id":"https:\/\/globalhealthstrategies.com\/es\/about-us\/#breadcrumb"},"inLanguage":"en-US","potentialAction":[{"@type":"ReadAction","target":["https:\/\/globalhealthstrategies.com\/es\/about-us\/"]}]},{"@type":"BreadcrumbList","@id":"https:\/\/globalhealthstrategies.com\/es\/about-us\/#breadcrumb","itemListElement":[{"@type":"ListItem","position":1,"name":"Home","item":"https:\/\/globalhealthstrategies.com\/es\/"},{"@type":"ListItem","position":2,"name":"Acerca GHS"}]},{"@type":"WebSite","@id":"https:\/\/globalhealthstrategies.com\/es\/#website","url":"https:\/\/globalhealthstrategies.com\/es\/","name":"Global Health Strategies","description":"GHS utiliza la defensor\u00eda y las comunicaciones para mejorar la salud y el bienestar alrededor del mundo.","potentialAction":[{"@type":"SearchAction","target":{"@type":"EntryPoint","urlTemplate":"https:\/\/globalhealthstrategies.com\/es\/?s={search_term_string}"},"query-input":{"@type":"PropertyValueSpecification","valueRequired":true,"valueName":"search_term_string"}}],"inLanguage":"en-US"}]}},"_links":{"self":[{"href":"https:\/\/globalhealthstrategies.com\/es\/wp-json\/wp\/v2\/pages\/54","targetHints":{"allow":["GET"]}}],"collection":[{"href":"https:\/\/globalhealthstrategies.com\/es\/wp-json\/wp\/v2\/pages"}],"about":[{"href":"https:\/\/globalhealthstrategies.com\/es\/wp-json\/wp\/v2\/types\/page"}],"author":[{"embeddable":true,"href":"https:\/\/globalhealthstrategies.com\/es\/wp-json\/wp\/v2\/users\/1"}],"replies":[{"embeddable":true,"href":"https:\/\/globalhealthstrategies.com\/es\/wp-json\/wp\/v2\/comments?post=54"}],"version-history":[{"count":0,"href":"https:\/\/globalhealthstrategies.com\/es\/wp-json\/wp\/v2\/pages\/54\/revisions"}],"wp:attachment":[{"href":"https:\/\/globalhealthstrategies.com\/es\/wp-json\/wp\/v2\/media?parent=54"}],"curies":[{"name":"wp","href":"https:\/\/api.w.org\/{rel}","templated":true}]}}